{"id":50,"date":"2022-03-23T21:49:29","date_gmt":"2022-03-23T20:49:29","guid":{"rendered":"http:\/\/benedictecoudiere.fr\/?page_id=50"},"modified":"2023-11-17T12:10:07","modified_gmt":"2023-11-17T11:10:07","slug":"a-propos","status":"publish","type":"page","link":"https:\/\/benedictecoudiere.fr\/?page_id=50","title":{"rendered":"A propos"},"content":{"rendered":"\t\t<div data-elementor-type=\"wp-page\" data-elementor-id=\"50\" class=\"elementor elementor-50\">\n\t\t\t\t\t\t\t\t\t<section class=\"elementor-section elementor-top-section elementor-element elementor-element-4e97dfa elementor-section-boxed elementor-section-height-default elementor-section-height-default\" data-id=\"4e97dfa\" data-element_type=\"section\">\n\t\t\t\t\t\t<div class=\"elementor-container elementor-column-gap-default\">\n\t\t\t\t\t<div class=\"elementor-column elementor-col-100 elementor-top-column elementor-element elementor-element-8e62be5\" data-id=\"8e62be5\" data-element_type=\"column\">\n\t\t\t<div class=\"elementor-widget-wrap elementor-element-populated\">\n\t\t\t\t\t\t\t\t<section class=\"elementor-section elementor-inner-section elementor-element elementor-element-17c2ead elementor-section-boxed elementor-section-height-default elementor-section-height-default\" data-id=\"17c2ead\" data-element_type=\"section\">\n\t\t\t\t\t\t<div class=\"elementor-container elementor-column-gap-default\">\n\t\t\t\t\t<div class=\"elementor-column elementor-col-50 elementor-inner-column elementor-element elementor-element-df877d9\" data-id=\"df877d9\" data-element_type=\"column\">\n\t\t\t<div class=\"elementor-widget-wrap elementor-element-populated\">\n\t\t\t\t\t\t\t\t<div class=\"elementor-element elementor-element-b537cfc elementor-widget elementor-widget-image\" data-id=\"b537cfc\" data-element_type=\"widget\" data-widget_type=\"image.default\">\n\t\t\t\t<div class=\"elementor-widget-container\">\n\t\t\t<style>\/*! elementor - v3.6.1 - 23-03-2022 *\/\n.elementor-widget-image{text-align:center}.elementor-widget-image a{display:inline-block}.elementor-widget-image a img[src$=\".svg\"]{width:48px}.elementor-widget-image img{vertical-align:middle;display:inline-block}<\/style>\t\t\t\t\t\t\t\t\t\t\t\t<img loading=\"lazy\" decoding=\"async\" width=\"269\" height=\"239\" src=\"https:\/\/benedictecoudiere.fr\/wp-content\/uploads\/2022\/03\/bouton-a-propos.png\" class=\"attachment-large size-large\" alt=\"\" \/>\t\t\t\t\t\t\t\t\t\t\t\t\t\t\t<\/div>\n\t\t\t\t<\/div>\n\t\t\t\t\t<\/div>\n\t\t<\/div>\n\t\t\t\t<div class=\"elementor-column elementor-col-50 elementor-inner-column elementor-element elementor-element-1bbf55c\" data-id=\"1bbf55c\" data-element_type=\"column\">\n\t\t\t<div class=\"elementor-widget-wrap elementor-element-populated\">\n\t\t\t\t\t\t\t\t<div class=\"elementor-element elementor-element-8efaa2a elementor-widget elementor-widget-text-editor\" data-id=\"8efaa2a\" data-element_type=\"widget\" data-widget_type=\"text-editor.default\">\n\t\t\t\t<div class=\"elementor-widget-container\">\n\t\t\t<style>\/*! elementor - v3.6.1 - 23-03-2022 *\/\n.elementor-widget-text-editor.elementor-drop-cap-view-stacked .elementor-drop-cap{background-color:#818a91;color:#fff}.elementor-widget-text-editor.elementor-drop-cap-view-framed .elementor-drop-cap{color:#818a91;border:3px solid;background-color:transparent}.elementor-widget-text-editor:not(.elementor-drop-cap-view-default) .elementor-drop-cap{margin-top:8px}.elementor-widget-text-editor:not(.elementor-drop-cap-view-default) .elementor-drop-cap-letter{width:1em;height:1em}.elementor-widget-text-editor .elementor-drop-cap{float:left;text-align:center;line-height:1;font-size:50px}.elementor-widget-text-editor .elementor-drop-cap-letter{display:inline-block}<\/style>\t\t\t\t<p>Aimant explorer les diff\u00e9rents univers, je navigue entre <strong>science-fiction, fantasy et fantastique<\/strong>, sous toutes ses formes.\u00a0 J&rsquo;ai publi\u00e9 de nombreuses <strong>nouvelles<\/strong> aux \u00e9ditions Malpertuis, un <strong>roman<\/strong> (<em><a href=\"https:\/\/www.moutons-electriques.fr\/ligue-coudiere\" target=\"_blank\" rel=\"noreferrer noopener\">Ann Radcliffe contre Dracula<\/a><\/em>) aux Saisons de l&rsquo;\u00e9trange, une <strong>novella qui a gagn\u00e9 le prix Rosny Ain\u00e9 de la Nouvelle en 2022<\/strong> (<em>M\u00e9canique en apesanteur<\/em>) et officie comme <strong>journaliste sp\u00e9cialis\u00e9e en bande dessin\u00e9e<\/strong> dans le magazine <em><a href=\"http:\/\/avisdesbulles.com\/\" target=\"_blank\" rel=\"noreferrer noopener\">L&rsquo;avis des bulles<\/a><\/em> depuis 2011. <br \/>J&rsquo;ai aussi \u00e9cris un <strong>essai m\u00ealant arch\u00e9ologie et bande dessin\u00e9e<\/strong>. V\u00e9ritablement multit\u00e2che, on me retrouve aussi sur diff\u00e9rentes plates-formes et publications pour y parler BD, mais aussi s\u00e9ries et jeux (vid\u00e9o ou non). Mais aussi dans diff\u00e9rents \u00e9v\u00e9nements que ce soit comme autrice, journaliste ou <strong>membre de l&rsquo;ACBD (Association des Critiques et journalistes de Bande Dessin\u00e9e)<\/strong>.<br \/>Depuis quelques ann\u00e9es, je suis aussi <strong>conf\u00e9renci\u00e8re et prof d&rsquo;histoire et culture du jeu vid\u00e9o<\/strong>.<\/p>\t\t\t\t\t\t<\/div>\n\t\t\t\t<\/div>\n\t\t\t\t\t<\/div>\n\t\t<\/div>\n\t\t\t\t\t\t\t<\/div>\n\t\t<\/section>\n\t\t\t\t\t<\/div>\n\t\t<\/div>\n\t\t\t\t\t\t\t<\/div>\n\t\t<\/section>\n\t\t\t\t<section class=\"elementor-section elementor-top-section elementor-element elementor-element-1edb9a2 elementor-section-boxed elementor-section-height-default elementor-section-height-default\" data-id=\"1edb9a2\" data-element_type=\"section\">\n\t\t\t\t\t\t<div class=\"elementor-container elementor-column-gap-default\">\n\t\t\t\t\t<div class=\"elementor-column elementor-col-100 elementor-top-column elementor-element elementor-element-2b23c94\" data-id=\"2b23c94\" data-element_type=\"column\">\n\t\t\t<div class=\"elementor-widget-wrap elementor-element-populated\">\n\t\t\t\t\t\t\t\t<div class=\"elementor-element elementor-element-355e0d1 elementor-widget-divider--view-line elementor-widget elementor-widget-divider\" data-id=\"355e0d1\" data-element_type=\"widget\" data-widget_type=\"divider.default\">\n\t\t\t\t<div class=\"elementor-widget-container\">\n\t\t\t<style>\/*! elementor - v3.6.1 - 23-03-2022 *\/\n.elementor-widget-divider{--divider-border-style:none;--divider-border-width:1px;--divider-color:#2c2c2c;--divider-icon-size:20px;--divider-element-spacing:10px;--divider-pattern-height:24px;--divider-pattern-size:20px;--divider-pattern-url:none;--divider-pattern-repeat:repeat-x}.elementor-widget-divider .elementor-divider{display:-webkit-box;display:-ms-flexbox;display:flex}.elementor-widget-divider .elementor-divider__text{font-size:15px;line-height:1;max-width:95%}.elementor-widget-divider .elementor-divider__element{margin:0 var(--divider-element-spacing);-ms-flex-negative:0;flex-shrink:0}.elementor-widget-divider .elementor-icon{font-size:var(--divider-icon-size)}.elementor-widget-divider .elementor-divider-separator{display:-webkit-box;display:-ms-flexbox;display:flex;margin:0;direction:ltr}.elementor-widget-divider--view-line_icon .elementor-divider-separator,.elementor-widget-divider--view-line_text .elementor-divider-separator{-webkit-box-align:center;-ms-flex-align:center;align-items:center}.elementor-widget-divider--view-line_icon .elementor-divider-separator:after,.elementor-widget-divider--view-line_icon .elementor-divider-separator:before,.elementor-widget-divider--view-line_text .elementor-divider-separator:after,.elementor-widget-divider--view-line_text .elementor-divider-separator:before{display:block;content:\"\";border-bottom:0;-webkit-box-flex:1;-ms-flex-positive:1;flex-grow:1;border-top:var(--divider-border-width) var(--divider-border-style) var(--divider-color)}.elementor-widget-divider--element-align-left .elementor-divider .elementor-divider-separator>.elementor-divider__svg:first-of-type{-webkit-box-flex:0;-ms-flex-positive:0;flex-grow:0;-ms-flex-negative:100;flex-shrink:100}.elementor-widget-divider--element-align-left .elementor-divider-separator:before{content:none}.elementor-widget-divider--element-align-left .elementor-divider__element{margin-left:0}.elementor-widget-divider--element-align-right .elementor-divider .elementor-divider-separator>.elementor-divider__svg:last-of-type{-webkit-box-flex:0;-ms-flex-positive:0;flex-grow:0;-ms-flex-negative:100;flex-shrink:100}.elementor-widget-divider--element-align-right .elementor-divider-separator:after{content:none}.elementor-widget-divider--element-align-right .elementor-divider__element{margin-right:0}.elementor-widget-divider:not(.elementor-widget-divider--view-line_text):not(.elementor-widget-divider--view-line_icon) .elementor-divider-separator{border-top:var(--divider-border-width) var(--divider-border-style) var(--divider-color)}.elementor-widget-divider--separator-type-pattern{--divider-border-style:none}.elementor-widget-divider--separator-type-pattern.elementor-widget-divider--view-line .elementor-divider-separator,.elementor-widget-divider--separator-type-pattern:not(.elementor-widget-divider--view-line) .elementor-divider-separator:after,.elementor-widget-divider--separator-type-pattern:not(.elementor-widget-divider--view-line) .elementor-divider-separator:before,.elementor-widget-divider--separator-type-pattern:not([class*=elementor-widget-divider--view]) .elementor-divider-separator{width:100%;min-height:var(--divider-pattern-height);-webkit-mask-size:var(--divider-pattern-size) 100%;mask-size:var(--divider-pattern-size) 100%;-webkit-mask-repeat:var(--divider-pattern-repeat);mask-repeat:var(--divider-pattern-repeat);background-color:var(--divider-color);-webkit-mask-image:var(--divider-pattern-url);mask-image:var(--divider-pattern-url)}.elementor-widget-divider--no-spacing{--divider-pattern-size:auto}.elementor-widget-divider--bg-round{--divider-pattern-repeat:round}.rtl .elementor-widget-divider .elementor-divider__text{direction:rtl}<\/style>\t\t<div class=\"elementor-divider\">\n\t\t\t<span class=\"elementor-divider-separator\">\n\t\t\t\t\t\t<\/span>\n\t\t<\/div>\n\t\t\t\t<\/div>\n\t\t\t\t<\/div>\n\t\t\t\t\t<\/div>\n\t\t<\/div>\n\t\t\t\t\t\t\t<\/div>\n\t\t<\/section>\n\t\t\t\t<section class=\"elementor-section elementor-top-section elementor-element elementor-element-26f8aff elementor-section-boxed elementor-section-height-default elementor-section-height-default\" data-id=\"26f8aff\" data-element_type=\"section\">\n\t\t\t\t\t\t<div class=\"elementor-container elementor-column-gap-default\">\n\t\t\t\t\t<div class=\"elementor-column elementor-col-100 elementor-top-column elementor-element elementor-element-68ab094\" data-id=\"68ab094\" data-element_type=\"column\">\n\t\t\t<div class=\"elementor-widget-wrap elementor-element-populated\">\n\t\t\t\t\t\t\t\t<div class=\"elementor-element elementor-element-40eebc5 elementor-widget elementor-widget-image\" data-id=\"40eebc5\" data-element_type=\"widget\" data-widget_type=\"image.default\">\n\t\t\t\t<div class=\"elementor-widget-container\">\n\t\t\t\t\t\t\t\t\t\t\t\t\t\t\t<img loading=\"lazy\" decoding=\"async\" width=\"768\" height=\"215\" src=\"https:\/\/benedictecoudiere.fr\/wp-content\/uploads\/2022\/03\/a-propos-3-768x215.png\" class=\"attachment-medium_large size-medium_large\" alt=\"\" srcset=\"https:\/\/benedictecoudiere.fr\/wp-content\/uploads\/2022\/03\/a-propos-3-768x215.png 768w, https:\/\/benedictecoudiere.fr\/wp-content\/uploads\/2022\/03\/a-propos-3-300x84.png 300w, https:\/\/benedictecoudiere.fr\/wp-content\/uploads\/2022\/03\/a-propos-3-850x238.png 850w, https:\/\/benedictecoudiere.fr\/wp-content\/uploads\/2022\/03\/a-propos-3.png 957w\" sizes=\"auto, (max-width: 768px) 100vw, 768px\" \/>\t\t\t\t\t\t\t\t\t\t\t\t\t\t\t<\/div>\n\t\t\t\t<\/div>\n\t\t\t\t\t<\/div>\n\t\t<\/div>\n\t\t\t\t\t\t\t<\/div>\n\t\t<\/section>\n\t\t\t\t<section class=\"elementor-section elementor-top-section elementor-element elementor-element-b38eb60 elementor-section-boxed elementor-section-height-default elementor-section-height-default\" data-id=\"b38eb60\" data-element_type=\"section\">\n\t\t\t\t\t\t<div class=\"elementor-container elementor-column-gap-default\">\n\t\t\t\t\t<div class=\"elementor-column elementor-col-100 elementor-top-column elementor-element elementor-element-53f6d6b\" data-id=\"53f6d6b\" data-element_type=\"column\">\n\t\t\t<div class=\"elementor-widget-wrap elementor-element-populated\">\n\t\t\t\t\t\t\t\t<section class=\"elementor-section elementor-inner-section elementor-element elementor-element-a80a6f8 elementor-section-boxed elementor-section-height-default elementor-section-height-default\" data-id=\"a80a6f8\" data-element_type=\"section\">\n\t\t\t\t\t\t<div class=\"elementor-container elementor-column-gap-default\">\n\t\t\t\t\t<div class=\"elementor-column elementor-col-50 elementor-inner-column elementor-element elementor-element-0687e14\" data-id=\"0687e14\" data-element_type=\"column\">\n\t\t\t<div class=\"elementor-widget-wrap elementor-element-populated\">\n\t\t\t\t\t\t\t\t<div class=\"elementor-element elementor-element-d74a983 elementor-widget elementor-widget-image\" data-id=\"d74a983\" data-element_type=\"widget\" data-widget_type=\"image.default\">\n\t\t\t\t<div class=\"elementor-widget-container\">\n\t\t\t\t\t\t\t\t\t\t\t\t\t\t\t<img loading=\"lazy\" decoding=\"async\" width=\"237\" height=\"268\" src=\"https:\/\/benedictecoudiere.fr\/wp-content\/uploads\/2022\/03\/photo.png\" class=\"attachment-1536x1536 size-1536x1536\" alt=\"\" \/>\t\t\t\t\t\t\t\t\t\t\t\t\t\t\t<\/div>\n\t\t\t\t<\/div>\n\t\t\t\t\t<\/div>\n\t\t<\/div>\n\t\t\t\t<div class=\"elementor-column elementor-col-50 elementor-inner-column elementor-element elementor-element-a06c68b\" data-id=\"a06c68b\" data-element_type=\"column\">\n\t\t\t<div class=\"elementor-widget-wrap elementor-element-populated\">\n\t\t\t\t\t\t\t\t<div class=\"elementor-element elementor-element-73bde9b elementor-widget elementor-widget-text-editor\" data-id=\"73bde9b\" data-element_type=\"widget\" data-widget_type=\"text-editor.default\">\n\t\t\t\t<div class=\"elementor-widget-container\">\n\t\t\t\t\t\t\t<p>J&rsquo;\u00e9cris depuis&#8230; longtemps ! Il n&rsquo;y a pas qu&rsquo;une seule vie dans la vie, et j&rsquo;en ai plusieurs qui sont venus s&rsquo;entrechoquer au fil des ann\u00e9es. <strong>Historienne de l&rsquo;art de formation<\/strong>, avec, par la suite, des \u00e9tudes de <strong>m\u00e9diation et communication scientifique<\/strong>, j&rsquo;officie comme <strong>journaliste<\/strong> pour de nombreux m\u00e9dias (<em><a href=\"http:\/\/avisdesbulles.com\/\" target=\"_blank\" rel=\"noreferrer noopener\">L&rsquo;avis des bulles<\/a><\/em>, mais aussi <em><a href=\"https:\/\/www.p-nintendo.com\/\" target=\"_blank\" rel=\"noreferrer noopener\">Puissance-Nintendo<\/a><\/em> entre autres).<\/p><p>J&rsquo;ai de nombreuses cordes \u00e0 mon arc : <strong>maquettiste, journaliste, autrice<\/strong>, photographe amatrice \u00e0 mes heures perdues, mais aussi <strong>charg\u00e9e de communication ou attach\u00e9e de presse<\/strong>, j&rsquo;ai particip\u00e9 \u00e0 l&rsquo;organisation de festivals, de conf\u00e9rences, et d&rsquo;autres \u00e9v\u00e9nements. Je suis m\u00eame <strong>mod\u00e9ratrice de tables rondes<\/strong> ou encore <strong>conf\u00e9renci\u00e8re<\/strong> ou formatrice sur diff\u00e9rents sujets (culture g\u00e9n\u00e9rale et histoire du jeu vid\u00e9o, formation suite Adobe et communication, etc.). Sans oublier <strong>prof d&rsquo;histoire et culture du jeu vid\u00e9o<\/strong>.<\/p>\t\t\t\t\t\t<\/div>\n\t\t\t\t<\/div>\n\t\t\t\t\t<\/div>\n\t\t<\/div>\n\t\t\t\t\t\t\t<\/div>\n\t\t<\/section>\n\t\t\t\t\t<\/div>\n\t\t<\/div>\n\t\t\t\t\t\t\t<\/div>\n\t\t<\/section>\n\t\t\t\t<section class=\"elementor-section elementor-top-section elementor-element elementor-element-8ed397b elementor-section-boxed elementor-section-height-default elementor-section-height-default\" data-id=\"8ed397b\" data-element_type=\"section\">\n\t\t\t\t\t\t<div class=\"elementor-container elementor-column-gap-default\">\n\t\t\t\t\t<div class=\"elementor-column elementor-col-100 elementor-top-column elementor-element elementor-element-bb5c4cb\" data-id=\"bb5c4cb\" data-element_type=\"column\">\n\t\t\t<div class=\"elementor-widget-wrap elementor-element-populated\">\n\t\t\t\t\t\t\t\t<div class=\"elementor-element elementor-element-d1936d9 elementor-widget elementor-widget-text-editor\" data-id=\"d1936d9\" data-element_type=\"widget\" data-widget_type=\"text-editor.default\">\n\t\t\t\t<div class=\"elementor-widget-container\">\n\t\t\t\t\t\t\t<p>Cela fait beaucoup ? Je sais. Mais toutes ces activit\u00e9s m&rsquo;\u00e9clatent, me passionnent et me font d\u00e9couvrir mille horizons diff\u00e9rents ! Alors, si vous voulez en savoir un peu plus sur mon univers, bienvenue ici !<\/p>\t\t\t\t\t\t<\/div>\n\t\t\t\t<\/div>\n\t\t\t\t\t<\/div>\n\t\t<\/div>\n\t\t\t\t\t\t\t<\/div>\n\t\t<\/section>\n\t\t\t\t<section class=\"elementor-section elementor-top-section elementor-element elementor-element-f014073 elementor-section-boxed elementor-section-height-default elementor-section-height-default\" data-id=\"f014073\" data-element_type=\"section\">\n\t\t\t\t\t\t<div class=\"elementor-container elementor-column-gap-default\">\n\t\t\t\t\t<div class=\"elementor-column elementor-col-100 elementor-top-column elementor-element elementor-element-f83cf95\" data-id=\"f83cf95\" data-element_type=\"column\">\n\t\t\t<div class=\"elementor-widget-wrap elementor-element-populated\">\n\t\t\t\t\t\t\t\t<div class=\"elementor-element elementor-element-daa02d4 elementor-widget-divider--view-line elementor-widget elementor-widget-divider\" data-id=\"daa02d4\" data-element_type=\"widget\" data-widget_type=\"divider.default\">\n\t\t\t\t<div class=\"elementor-widget-container\">\n\t\t\t\t\t<div class=\"elementor-divider\">\n\t\t\t<span class=\"elementor-divider-separator\">\n\t\t\t\t\t\t<\/span>\n\t\t<\/div>\n\t\t\t\t<\/div>\n\t\t\t\t<\/div>\n\t\t\t\t\t<\/div>\n\t\t<\/div>\n\t\t\t\t\t\t\t<\/div>\n\t\t<\/section>\n\t\t\t\t<section class=\"elementor-section elementor-top-section elementor-element elementor-element-e9a43ca elementor-section-boxed elementor-section-height-default elementor-section-height-default\" data-id=\"e9a43ca\" data-element_type=\"section\">\n\t\t\t\t\t\t<div class=\"elementor-container elementor-column-gap-default\">\n\t\t\t\t\t<div class=\"elementor-column elementor-col-100 elementor-top-column elementor-element elementor-element-b04d5ce\" data-id=\"b04d5ce\" data-element_type=\"column\">\n\t\t\t<div class=\"elementor-widget-wrap elementor-element-populated\">\n\t\t\t\t\t\t\t\t<div class=\"elementor-element elementor-element-95a32a6 elementor-widget elementor-widget-image\" data-id=\"95a32a6\" data-element_type=\"widget\" data-widget_type=\"image.default\">\n\t\t\t\t<div class=\"elementor-widget-container\">\n\t\t\t\t\t\t\t\t\t\t\t\t\t\t\t<img loading=\"lazy\" decoding=\"async\" width=\"768\" height=\"173\" src=\"https:\/\/benedictecoudiere.fr\/wp-content\/uploads\/2022\/03\/twitch-768x173.png\" class=\"attachment-medium_large size-medium_large\" alt=\"\" srcset=\"https:\/\/benedictecoudiere.fr\/wp-content\/uploads\/2022\/03\/twitch-768x173.png 768w, https:\/\/benedictecoudiere.fr\/wp-content\/uploads\/2022\/03\/twitch-300x68.png 300w, https:\/\/benedictecoudiere.fr\/wp-content\/uploads\/2022\/03\/twitch.png 957w\" sizes=\"auto, (max-width: 768px) 100vw, 768px\" \/>\t\t\t\t\t\t\t\t\t\t\t\t\t\t\t<\/div>\n\t\t\t\t<\/div>\n\t\t\t\t\t<\/div>\n\t\t<\/div>\n\t\t\t\t\t\t\t<\/div>\n\t\t<\/section>\n\t\t\t\t<section class=\"elementor-section elementor-top-section elementor-element elementor-element-2977de8 elementor-section-boxed elementor-section-height-default elementor-section-height-default\" data-id=\"2977de8\" data-element_type=\"section\">\n\t\t\t\t\t\t<div class=\"elementor-container elementor-column-gap-default\">\n\t\t\t\t\t<div class=\"elementor-column elementor-col-100 elementor-top-column elementor-element elementor-element-2b91fd0\" data-id=\"2b91fd0\" data-element_type=\"column\">\n\t\t\t<div class=\"elementor-widget-wrap elementor-element-populated\">\n\t\t\t\t\t\t\t\t<div class=\"elementor-element elementor-element-c6b35fa elementor-widget elementor-widget-text-editor\" data-id=\"c6b35fa\" data-element_type=\"widget\" data-widget_type=\"text-editor.default\">\n\t\t\t\t<div class=\"elementor-widget-container\">\n\t\t\t\t\t\t\t<p>En plus des r\u00e9seaux sociaux et de mes \u00e9crits, vous pouvez aussi me retrouver en live Twitch. L&rsquo;occasion de partager un moment autour d&rsquo;un jeu vid\u00e9o, d&rsquo;une d\u00e9couverte BD, ou simplement d&rsquo;une lecture. Envie de me rejoindre ? N&rsquo;h\u00e9sitez pas !<\/p>\t\t\t\t\t\t<\/div>\n\t\t\t\t<\/div>\n\t\t\t\t\t<\/div>\n\t\t<\/div>\n\t\t\t\t\t\t\t<\/div>\n\t\t<\/section>\n\t\t\t\t<section class=\"elementor-section elementor-top-section elementor-element elementor-element-fc34c9c elementor-section-boxed elementor-section-height-default elementor-section-height-default\" data-id=\"fc34c9c\" data-element_type=\"section\">\n\t\t\t\t\t\t<div class=\"elementor-container elementor-column-gap-default\">\n\t\t\t\t\t<div class=\"elementor-column elementor-col-100 elementor-top-column elementor-element elementor-element-09a7e88\" data-id=\"09a7e88\" data-element_type=\"column\">\n\t\t\t<div class=\"elementor-widget-wrap elementor-element-populated\">\n\t\t\t\t\t\t\t\t<div class=\"elementor-element elementor-element-ef1ab33 elementor-align-center elementor-widget elementor-widget-button\" data-id=\"ef1ab33\" data-element_type=\"widget\" data-widget_type=\"button.default\">\n\t\t\t\t<div class=\"elementor-widget-container\">\n\t\t\t\t\t<div class=\"elementor-button-wrapper\">\n\t\t\t<a href=\"https:\/\/www.twitch.tv\/beneatar\" target=\"_blank\" class=\"elementor-button-link elementor-button elementor-size-md\" role=\"button\">\n\t\t\t\t\t\t<span class=\"elementor-button-content-wrapper\">\n\t\t\t\t\t\t\t<span class=\"elementor-button-icon elementor-align-icon-left\">\n\t\t\t\t<i aria-hidden=\"true\" class=\"fab fa-twitch\"><\/i>\t\t\t<\/span>\n\t\t\t\t\t\t<span class=\"elementor-button-text\">Mon univers Twitch<\/span>\n\t\t<\/span>\n\t\t\t\t\t<\/a>\n\t\t<\/div>\n\t\t\t\t<\/div>\n\t\t\t\t<\/div>\n\t\t\t\t\t<\/div>\n\t\t<\/div>\n\t\t\t\t\t\t\t<\/div>\n\t\t<\/section>\n\t\t\t\t<section class=\"elementor-section elementor-top-section elementor-element elementor-element-e548dd6 elementor-section-boxed elementor-section-height-default elementor-section-height-default\" data-id=\"e548dd6\" data-element_type=\"section\">\n\t\t\t\t\t\t<div class=\"elementor-container elementor-column-gap-default\">\n\t\t\t\t\t<div class=\"elementor-column elementor-col-100 elementor-top-column elementor-element elementor-element-5300deb\" data-id=\"5300deb\" data-element_type=\"column\">\n\t\t\t<div class=\"elementor-widget-wrap elementor-element-populated\">\n\t\t\t\t\t\t\t\t<div class=\"elementor-element elementor-element-156cb6b elementor-widget elementor-widget-image\" data-id=\"156cb6b\" data-element_type=\"widget\" data-widget_type=\"image.default\">\n\t\t\t\t<div class=\"elementor-widget-container\">\n\t\t\t\t\t\t\t\t\t\t\t\t\t\t\t<img loading=\"lazy\" decoding=\"async\" width=\"269\" height=\"239\" src=\"https:\/\/benedictecoudiere.fr\/wp-content\/uploads\/2022\/03\/bouton-a-propos.png\" class=\"attachment-large size-large\" alt=\"\" \/>\t\t\t\t\t\t\t\t\t\t\t\t\t\t\t<\/div>\n\t\t\t\t<\/div>\n\t\t\t\t\t<\/div>\n\t\t<\/div>\n\t\t\t\t\t\t\t<\/div>\n\t\t<\/section>\n\t\t\t\t<section class=\"elementor-section elementor-top-section elementor-element elementor-element-e023eda elementor-section-boxed elementor-section-height-default elementor-section-height-default\" data-id=\"e023eda\" data-element_type=\"section\">\n\t\t\t\t\t\t<div class=\"elementor-container elementor-column-gap-default\">\n\t\t\t\t\t<div class=\"elementor-column elementor-col-100 elementor-top-column elementor-element elementor-element-690b812\" data-id=\"690b812\" data-element_type=\"column\">\n\t\t\t<div class=\"elementor-widget-wrap elementor-element-populated\">\n\t\t\t\t\t\t\t\t<div class=\"elementor-element elementor-element-d7f7120 elementor-widget elementor-widget-text-editor\" data-id=\"d7f7120\" data-element_type=\"widget\" data-widget_type=\"text-editor.default\">\n\t\t\t\t<div class=\"elementor-widget-container\">\n\t\t\t\t\t\t\t<p>Logo r\u00e9alis\u00e9 par <a href=\"https:\/\/www.twitch.tv\/doctriz\" target=\"_blank\" rel=\"noopener\">Le Technicien de DoctriZ<\/a>. Merci \u00e0 lui !<\/p>\t\t\t\t\t\t<\/div>\n\t\t\t\t<\/div>\n\t\t\t\t\t<\/div>\n\t\t<\/div>\n\t\t\t\t\t\t\t<\/div>\n\t\t<\/section>\n\t\t\t\t\t\t\t<\/div>\n\t\t","protected":false},"excerpt":{"rendered":"<p>Aimant explorer les diff\u00e9rents univers, je navigue entre science-fiction, fantasy et fantastique, sous toutes ses formes.\u00a0 J&rsquo;ai publi\u00e9 de nombreuses nouvelles aux \u00e9ditions Malpertuis, un roman (Ann Radcliffe contre Dracula) [&hellip;]<\/p>\n","protected":false},"author":1,"featured_media":0,"parent":0,"menu_order":0,"comment_status":"closed","ping_status":"closed","template":"elementor_header_footer","meta":{"footnotes":""},"class_list":["post-50","page","type-page","status-publish","hentry","entry"],"_links":{"self":[{"href":"https:\/\/benedictecoudiere.fr\/index.php?rest_route=\/wp\/v2\/pages\/50","targetHints":{"allow":["GET"]}}],"collection":[{"href":"https:\/\/benedictecoudiere.fr\/index.php?rest_route=\/wp\/v2\/pages"}],"about":[{"href":"https:\/\/benedictecoudiere.fr\/index.php?rest_route=\/wp\/v2\/types\/page"}],"author":[{"embeddable":true,"href":"https:\/\/benedictecoudiere.fr\/index.php?rest_route=\/wp\/v2\/users\/1"}],"replies":[{"embeddable":true,"href":"https:\/\/benedictecoudiere.fr\/index.php?rest_route=%2Fwp%2Fv2%2Fcomments&post=50"}],"version-history":[{"count":49,"href":"https:\/\/benedictecoudiere.fr\/index.php?rest_route=\/wp\/v2\/pages\/50\/revisions"}],"predecessor-version":[{"id":523,"href":"https:\/\/benedictecoudiere.fr\/index.php?rest_route=\/wp\/v2\/pages\/50\/revisions\/523"}],"wp:attachment":[{"href":"https:\/\/benedictecoudiere.fr\/index.php?rest_route=%2Fwp%2Fv2%2Fmedia&parent=50"}],"curies":[{"name":"wp","href":"https:\/\/api.w.org\/{rel}","templated":true}]}}